{"id":1583,"date":"2025-05-26T15:07:24","date_gmt":"2025-05-26T15:07:24","guid":{"rendered":"https:\/\/www.vendeeglobefoundation.org\/?page_id=1583"},"modified":"2026-03-11T08:59:34","modified_gmt":"2026-03-11T08:59:34","slug":"sponsor-area","status":"publish","type":"page","link":"https:\/\/www.vendeeglobefoundation.org\/en\/sponsor-area\/","title":{"rendered":"Sponsor area"},"content":{"rendered":"\t\t<div data-elementor-type=\"wp-page\" data-elementor-id=\"1583\" class=\"elementor elementor-1583 elementor-1582\" data-elementor-post-type=\"page\">\n\t\t\t\t<div class=\"elementor-element elementor-element-7e372d9 e-con-full e-flex e-con e-parent\" data-id=\"7e372d9\" data-element_type=\"container\" data-settings=\"{&quot;ekit_has_onepagescroll_dot&quot;:&quot;yes&quot;}\">\n\t\t<div class=\"elementor-element elementor-element-7f4463e e-con-full e-flex e-con e-child\" data-id=\"7f4463e\" data-element_type=\"container\" data-settings=\"{&quot;ekit_has_onepagescroll_dot&quot;:&quot;yes&quot;}\">\n\t\t<div class=\"elementor-element elementor-element-f561ef3 e-con-full e-flex e-con e-child\" data-id=\"f561ef3\" data-element_type=\"container\" data-settings=\"{&quot;background_background&quot;:&quot;classic&quot;,&quot;ekit_has_onepagescroll_dot&quot;:&quot;yes&quot;}\">\n\t\t\t\t<div class=\"elementor-element elementor-element-d110ccb elementor-widget elementor-widget-image\" data-id=\"d110ccb\" data-element_type=\"widget\" data-settings=\"{&quot;ekit_we_effect_on&quot;:&quot;none&quot;}\" data-widget_type=\"image.default\">\n\t\t\t\t<div class=\"elementor-widget-container\">\n\t\t\t\t\t\t\t\t\t\t<figure class=\"wp-caption\">\n\t\t\t\t\t\t\t\t\t\t<img fetchpriority=\"high\" decoding=\"async\" width=\"1536\" height=\"1022\" src=\"https:\/\/www.vendeeglobefoundation.org\/uploads\/2024\/10\/AdobeStock_926981834-1-1536x1022.jpg\" class=\"attachment-1536x1536 size-1536x1536 wp-image-900\" alt=\"\" srcset=\"https:\/\/www.vendeeglobefoundation.org\/uploads\/2024\/10\/AdobeStock_926981834-1-1536x1022.jpg 1536w, https:\/\/www.vendeeglobefoundation.org\/uploads\/2024\/10\/AdobeStock_926981834-1-300x200.jpg 300w, https:\/\/www.vendeeglobefoundation.org\/uploads\/2024\/10\/AdobeStock_926981834-1-1024x681.jpg 1024w, https:\/\/www.vendeeglobefoundation.org\/uploads\/2024\/10\/AdobeStock_926981834-1-768x511.jpg 768w, https:\/\/www.vendeeglobefoundation.org\/uploads\/2024\/10\/AdobeStock_926981834-1.jpg 1908w\" sizes=\"(max-width: 1536px) 100vw, 1536px\" \/>\t\t\t\t\t\t\t\t\t\t\t<figcaption class=\"widget-image-caption wp-caption-text\"><\/figcaption>\n\t\t\t\t\t\t\t\t\t\t<\/figure>\n\t\t\t\t\t\t\t<\/div>\n\t\t\t\t<\/div>\n\t\t\t\t<\/div>\n\t\t<div class=\"elementor-element elementor-element-2d9d321 e-con-full e-flex e-con e-child\" data-id=\"2d9d321\" data-element_type=\"container\" data-settings=\"{&quot;ekit_has_onepagescroll_dot&quot;:&quot;yes&quot;}\">\n\t\t\t\t<div class=\"elementor-element elementor-element-57461c9 elementor-widget__width-initial elementor-invisible elementor-widget elementor-widget-heading\" data-id=\"57461c9\" data-element_type=\"widget\" data-settings=\"{&quot;_animation&quot;:&quot;slideInLeft&quot;,&quot;ekit_we_effect_on&quot;:&quot;none&quot;}\" data-widget_type=\"heading.default\">\n\t\t\t\t<div class=\"elementor-widget-container\">\n\t\t\t<h1 class=\"elementor-heading-title elementor-size-default\">One ocean, One mission<\/h1>\t\t<\/div>\n\t\t\t\t<\/div>\n\t\t\t\t<div class=\"elementor-element elementor-element-c785da7 elementor-widget__width-initial elementor-invisible elementor-widget elementor-widget-heading\" data-id=\"c785da7\" data-element_type=\"widget\" data-settings=\"{&quot;_animation&quot;:&quot;slideInLeft&quot;,&quot;ekit_we_effect_on&quot;:&quot;none&quot;}\" data-widget_type=\"heading.default\">\n\t\t\t\t<div class=\"elementor-widget-container\">\n\t\t\t<h1 class=\"elementor-heading-title elementor-size-default\">Help us in our mission, support Vend\u00e9e Globe Foundation<\/h1>\t\t<\/div>\n\t\t\t\t<\/div>\n\t\t\t\t<div class=\"elementor-element elementor-element-93b75e7 elementor-invisible elementor-widget elementor-widget-text-editor\" data-id=\"93b75e7\" data-element_type=\"widget\" data-settings=\"{&quot;_animation&quot;:&quot;slideInLeft&quot;,&quot;ekit_we_effect_on&quot;:&quot;none&quot;}\" data-widget_type=\"text-editor.default\">\n\t\t\t\t<div class=\"elementor-widget-container\">\n\t\t\t\t\t\t\t<p>By making a donation, you are making <strong>a concrete contribution<\/strong> to the preservation of marine life today, and helping future generations to have access to healthy, sustainable resources in a protected environment.<\/p>\n\t\t\t\t\t\t<\/div>\n\t\t\t\t<\/div>\n\t\t\t\t<div class=\"elementor-element elementor-element-1f292f3 elementor-widget elementor-widget-button\" data-id=\"1f292f3\" data-element_type=\"widget\" data-settings=\"{&quot;ekit_we_effect_on&quot;:&quot;none&quot;}\" data-widget_type=\"button.default\">\n\t\t\t\t<div class=\"elementor-widget-container\">\n\t\t\t\t\t<div class=\"elementor-button-wrapper\">\n\t\t\t<a class=\"elementor-button elementor-button-link elementor-size-sm\" href=\"https:\/\/www.vendeeglobefoundation.org\/uploads\/2025\/04\/Dossier-de-mecenat-Vendee-Globe-Foundation.pdf\" target=\"_blank\">\n\t\t\t\t\t\t<span class=\"elementor-button-content-wrapper\">\n\t\t\t\t\t\t\t\t\t<span class=\"elementor-button-text\">Download the sponsorship file<\/span>\n\t\t\t\t\t<\/span>\n\t\t\t\t\t<\/a>\n\t\t<\/div>\n\t\t\t\t<\/div>\n\t\t\t\t<\/div>\n\t\t\t\t<\/div>\n\t\t\t\t<\/div>\n\t\t\t\t<\/div>\n\t\t<div class=\"elementor-element elementor-element-aff1cb4 e-flex e-con-boxed e-con e-parent\" data-id=\"aff1cb4\" data-element_type=\"container\" data-settings=\"{&quot;ekit_has_onepagescroll_dot&quot;:&quot;yes&quot;}\">\n\t\t\t\t\t<div class=\"e-con-inner\">\n\t\t\t\t<div class=\"elementor-element elementor-element-d4f61b0 elementor-widget-tablet__width-inherit elementor-widget elementor-widget-heading\" data-id=\"d4f61b0\" data-element_type=\"widget\" data-settings=\"{&quot;ekit_we_effect_on&quot;:&quot;none&quot;}\" data-widget_type=\"heading.default\">\n\t\t\t\t<div class=\"elementor-widget-container\">\n\t\t\t<h2 class=\"elementor-heading-title elementor-size-default\">Did you know?<\/h2>\t\t<\/div>\n\t\t\t\t<\/div>\n\t\t\t\t<div class=\"elementor-element elementor-element-3a39a71 elementor-widget-tablet__width-inherit elementor-widget elementor-widget-heading\" data-id=\"3a39a71\" data-element_type=\"widget\" data-settings=\"{&quot;ekit_we_effect_on&quot;:&quot;none&quot;}\" data-widget_type=\"heading.default\">\n\t\t\t\t<div class=\"elementor-widget-container\">\n\t\t\t<h2 class=\"elementor-heading-title elementor-size-default\">Vend\u00e9e Globe Foundation entitles you to tax exemption on your donations.<\/h2>\t\t<\/div>\n\t\t\t\t<\/div>\n\t\t\t\t<div class=\"elementor-element elementor-element-926e9cf elementor-widget elementor-widget-text-editor\" data-id=\"926e9cf\" data-element_type=\"widget\" data-settings=\"{&quot;ekit_we_effect_on&quot;:&quot;none&quot;}\" data-widget_type=\"text-editor.default\">\n\t\t\t\t<div class=\"elementor-widget-container\">\n\t\t\t\t\t\t\t<p><span style=\"color: #2143ff;\"><strong>Company?<\/strong><\/span> If you are subject to income or corporation tax, depending on your status, you can benefit from a tax deduction of up to :<\/p>\n<ul>\n<li>60% of the amount of the donation up to \u20ac2,000,000<\/li>\n<li>40% for donations over \u20ac2,000,000 (up to \u20ac20,000 or 0.5% of annual sales excluding VAT)<\/li>\n<\/ul>\n\t\t\t\t\t\t<\/div>\n\t\t\t\t<\/div>\n\t\t\t\t<div class=\"elementor-element elementor-element-7328946 elementor-widget elementor-widget-text-editor\" data-id=\"7328946\" data-element_type=\"widget\" data-settings=\"{&quot;ekit_we_effect_on&quot;:&quot;none&quot;}\" data-widget_type=\"text-editor.default\">\n\t\t\t\t<div class=\"elementor-widget-container\">\n\t\t\t\t\t\t\t<p><strong><span style=\"color: #2143ff;\">Are you an individual? <\/span><\/strong>Benefit from an income tax reduction of <strong>66% of the amount of your donation<\/strong>, whatever your contribution (within the limit of 20% of taxable income).<\/p>\n\t\t\t\t\t\t<\/div>\n\t\t\t\t<\/div>\n\t\t\t\t<div class=\"elementor-element elementor-element-97c1b13 elementor-widget elementor-widget-button\" data-id=\"97c1b13\" data-element_type=\"widget\" data-settings=\"{&quot;ekit_we_effect_on&quot;:&quot;none&quot;}\" data-widget_type=\"button.default\">\n\t\t\t\t<div class=\"elementor-widget-container\">\n\t\t\t\t\t<div class=\"elementor-button-wrapper\">\n\t\t\t<a class=\"elementor-button elementor-button-link elementor-size-sm\" href=\"https:\/\/www.vendeeglobefoundation.org\/uploads\/2025\/03\/Defiscalisation.pdf\" target=\"_blank\">\n\t\t\t\t\t\t<span class=\"elementor-button-content-wrapper\">\n\t\t\t\t\t\t\t\t\t<span class=\"elementor-button-text\">Download the document on tax exemption<\/span>\n\t\t\t\t\t<\/span>\n\t\t\t\t\t<\/a>\n\t\t<\/div>\n\t\t\t\t<\/div>\n\t\t\t\t<\/div>\n\t\t\t\t<div class=\"elementor-element elementor-element-8647981 elementor-widget-divider--view-line elementor-widget elementor-widget-divider\" data-id=\"8647981\" data-element_type=\"widget\" data-settings=\"{&quot;ekit_we_effect_on&quot;:&quot;none&quot;}\" data-widget_type=\"divider.default\">\n\t\t\t\t<div class=\"elementor-widget-container\">\n\t\t\t\t\t<div class=\"elementor-divider\">\n\t\t\t<span class=\"elementor-divider-separator\">\n\t\t\t\t\t\t<\/span>\n\t\t<\/div>\n\t\t\t\t<\/div>\n\t\t\t\t<\/div>\n\t\t\t\t\t<\/div>\n\t\t\t\t<\/div>\n\t\t<div class=\"elementor-element elementor-element-3d45a36 elementor-hidden-desktop elementor-hidden-tablet elementor-hidden-mobile e-flex e-con-boxed e-con e-parent\" data-id=\"3d45a36\" data-element_type=\"container\" data-settings=\"{&quot;ekit_has_onepagescroll_dot&quot;:&quot;yes&quot;}\">\n\t\t\t\t\t<div class=\"e-con-inner\">\n\t\t\t\t<div class=\"elementor-element elementor-element-247f218 elementor-widget-tablet__width-inherit elementor-widget elementor-widget-heading\" data-id=\"247f218\" data-element_type=\"widget\" data-settings=\"{&quot;ekit_we_effect_on&quot;:&quot;none&quot;}\" data-widget_type=\"heading.default\">\n\t\t\t\t<div class=\"elementor-widget-container\">\n\t\t\t<h2 class=\"elementor-heading-title elementor-size-default\">Rapport d\u2019activit\u00e9 2024-2025<\/h2>\t\t<\/div>\n\t\t\t\t<\/div>\n\t\t\t\t<div class=\"elementor-element elementor-element-c94d326 elementor-widget elementor-widget-text-editor\" data-id=\"c94d326\" data-element_type=\"widget\" data-settings=\"{&quot;ekit_we_effect_on&quot;:&quot;none&quot;}\" data-widget_type=\"text-editor.default\">\n\t\t\t\t<div class=\"elementor-widget-container\">\n\t\t\t\t\t\t\t<p>L\u2019ann\u00e9e de notre lancement a \u00e9t\u00e9 marqu\u00e9e par des d\u00e9fis, des \u00e9volutions strat\u00e9giques et de nombreuses r\u00e9ussites. \u00c0 travers ce rapport d\u2019activit\u00e9, nous vous invitons \u00e0 d\u00e9couvrir les temps forts de cette ann\u00e9e 2024-2025, les projets scientifiques que nous avons soutenu, nos \u00e9quipes, ainsi que les perspectives qui guideront nos actions dans les mois \u00e0 venir.<\/p>\n<p>Ce rapport refl\u00e8te l&#8217;engagement de nos \u00e9quipes, la confiance de nos partenaires et t\u00e9moigne de notre ambition collective de pers\u00e9v\u00e9rer pour des oc\u00e9ans en meilleure sant\u00e9.<\/p>\n<p>Nous vous remercions pour votre int\u00e9r\u00eat et pour votre confiance, et vous souhaitons une excellente lecture.<\/p>\n\t\t\t\t\t\t<\/div>\n\t\t\t\t<\/div>\n\t\t\t\t<div class=\"elementor-element elementor-element-7ad3bcc elementor-widget elementor-widget-button\" data-id=\"7ad3bcc\" data-element_type=\"widget\" data-settings=\"{&quot;ekit_we_effect_on&quot;:&quot;none&quot;}\" data-widget_type=\"button.default\">\n\t\t\t\t<div class=\"elementor-widget-container\">\n\t\t\t\t\t<div class=\"elementor-button-wrapper\">\n\t\t\t<a class=\"elementor-button elementor-button-link elementor-size-sm\" href=\"https:\/\/www.vendeeglobefoundation.org\/uploads\/2025\/09\/Rapport-d_activite-VGF-2024-2025.pdf\" target=\"_blank\">\n\t\t\t\t\t\t<span class=\"elementor-button-content-wrapper\">\n\t\t\t\t\t\t\t\t\t<span class=\"elementor-button-text\">T\u00e9l\u00e9charger le rapport d\u2019activit\u00e9 2024-2025<\/span>\n\t\t\t\t\t<\/span>\n\t\t\t\t\t<\/a>\n\t\t<\/div>\n\t\t\t\t<\/div>\n\t\t\t\t<\/div>\n\t\t\t\t\t<\/div>\n\t\t\t\t<\/div>\n\t\t<div class=\"elementor-element elementor-element-b6c08a7 e-flex e-con-boxed e-con e-parent\" data-id=\"b6c08a7\" data-element_type=\"container\" data-settings=\"{&quot;ekit_has_onepagescroll_dot&quot;:&quot;yes&quot;}\">\n\t\t\t\t\t<div class=\"e-con-inner\">\n\t\t\t\t<div class=\"elementor-element elementor-element-27b8189 elementor-widget elementor-widget-video\" data-id=\"27b8189\" data-element_type=\"widget\" data-settings=\"{&quot;youtube_url&quot;:&quot;https:\\\/\\\/youtu.be\\\/A7-vugitKXQ&quot;,&quot;video_type&quot;:&quot;youtube&quot;,&quot;controls&quot;:&quot;yes&quot;,&quot;ekit_we_effect_on&quot;:&quot;none&quot;}\" data-widget_type=\"video.default\">\n\t\t\t\t<div class=\"elementor-widget-container\">\n\t\t\t\t\t<div class=\"elementor-wrapper elementor-open-inline\">\n\t\t\t<div class=\"elementor-video\"><\/div>\t\t<\/div>\n\t\t\t\t<\/div>\n\t\t\t\t<\/div>\n\t\t\t\t\t<\/div>\n\t\t\t\t<\/div>\n\t\t\t\t<\/div>\n\t\t","protected":false},"excerpt":{"rendered":"<p>One ocean, One mission Help us in our mission, support Vend\u00e9e Globe Foundation By making a donation, you are making a concrete contribution to the preservation of marine life today, and helping future generations to have access to healthy, sustainable resources in a protected environment. Download the sponsorship file Did you know? Vend\u00e9e Globe Foundation [&hellip;]<\/p>\n","protected":false},"author":1,"featured_media":0,"parent":0,"menu_order":0,"comment_status":"closed","ping_status":"closed","template":"elementor_header_footer","meta":{"footnotes":""},"class_list":["post-1583","page","type-page","status-publish","hentry"],"yoast_head":"<!-- This site is optimized with the Yoast SEO plugin v23.4 - https:\/\/yoast.com\/wordpress\/plugins\/seo\/ -->\n<title>Sponsor area - Vend\u00e9e Globe Foundation<\/title>\n<meta name=\"robots\" content=\"index, follow, max-snippet:-1, max-image-preview:large, max-video-preview:-1\" \/>\n<link rel=\"canonical\" href=\"https:\/\/www.vendeeglobefoundation.org\/en\/sponsor-area\/\" \/>\n<meta property=\"og:locale\" content=\"en_US\" \/>\n<meta property=\"og:type\" content=\"article\" \/>\n<meta property=\"og:title\" content=\"Sponsor area - Vend\u00e9e Globe Foundation\" \/>\n<meta property=\"og:description\" content=\"One ocean, One mission Help us in our mission, support Vend\u00e9e Globe Foundation By making a donation, you are making a concrete contribution to the preservation of marine life today, and helping future generations to have access to healthy, sustainable resources in a protected environment. Download the sponsorship file Did you know? Vend\u00e9e Globe Foundation [&hellip;]\" \/>\n<meta property=\"og:url\" content=\"https:\/\/www.vendeeglobefoundation.org\/en\/sponsor-area\/\" \/>\n<meta property=\"og:site_name\" content=\"Vend\u00e9e Globe Foundation\" \/>\n<meta property=\"article:modified_time\" content=\"2026-03-11T08:59:34+00:00\" \/>\n<meta property=\"og:image\" content=\"https:\/\/www.vendeeglobefoundation.org\/uploads\/2024\/10\/AdobeStock_926981834-1-1536x1022.jpg\" \/>\n<meta name=\"twitter:card\" content=\"summary_large_image\" \/>\n<meta name=\"twitter:label1\" content=\"Est. reading time\" \/>\n\t<meta name=\"twitter:data1\" content=\"2 minutes\" \/>\n<script type=\"application\/ld+json\" class=\"yoast-schema-graph\">{\"@context\":\"https:\/\/schema.org\",\"@graph\":[{\"@type\":\"WebPage\",\"@id\":\"https:\/\/www.vendeeglobefoundation.org\/en\/sponsor-area\/\",\"url\":\"https:\/\/www.vendeeglobefoundation.org\/en\/sponsor-area\/\",\"name\":\"Sponsor area - Vend\u00e9e Globe Foundation\",\"isPartOf\":{\"@id\":\"https:\/\/www.vendeeglobefoundation.org\/en\/#website\"},\"primaryImageOfPage\":{\"@id\":\"https:\/\/www.vendeeglobefoundation.org\/en\/sponsor-area\/#primaryimage\"},\"image\":{\"@id\":\"https:\/\/www.vendeeglobefoundation.org\/en\/sponsor-area\/#primaryimage\"},\"thumbnailUrl\":\"https:\/\/www.vendeeglobefoundation.org\/uploads\/2024\/10\/AdobeStock_926981834-1-1536x1022.jpg\",\"datePublished\":\"2025-05-26T15:07:24+00:00\",\"dateModified\":\"2026-03-11T08:59:34+00:00\",\"breadcrumb\":{\"@id\":\"https:\/\/www.vendeeglobefoundation.org\/en\/sponsor-area\/#breadcrumb\"},\"inLanguage\":\"en-US\",\"potentialAction\":[{\"@type\":\"ReadAction\",\"target\":[\"https:\/\/www.vendeeglobefoundation.org\/en\/sponsor-area\/\"]}]},{\"@type\":\"ImageObject\",\"inLanguage\":\"en-US\",\"@id\":\"https:\/\/www.vendeeglobefoundation.org\/en\/sponsor-area\/#primaryimage\",\"url\":\"https:\/\/www.vendeeglobefoundation.org\/uploads\/2024\/10\/AdobeStock_926981834-1-1536x1022.jpg\",\"contentUrl\":\"https:\/\/www.vendeeglobefoundation.org\/uploads\/2024\/10\/AdobeStock_926981834-1-1536x1022.jpg\"},{\"@type\":\"BreadcrumbList\",\"@id\":\"https:\/\/www.vendeeglobefoundation.org\/en\/sponsor-area\/#breadcrumb\",\"itemListElement\":[{\"@type\":\"ListItem\",\"position\":1,\"name\":\"Home\",\"item\":\"https:\/\/www.vendeeglobefoundation.org\/en\/\"},{\"@type\":\"ListItem\",\"position\":2,\"name\":\"Sponsor area\"}]},{\"@type\":\"WebSite\",\"@id\":\"https:\/\/www.vendeeglobefoundation.org\/en\/#website\",\"url\":\"https:\/\/www.vendeeglobefoundation.org\/en\/\",\"name\":\"Vend\u00e9e Globe Foundation\",\"description\":\"\",\"publisher\":{\"@id\":\"https:\/\/www.vendeeglobefoundation.org\/en\/#organization\"},\"potentialAction\":[{\"@type\":\"SearchAction\",\"target\":{\"@type\":\"EntryPoint\",\"urlTemplate\":\"https:\/\/www.vendeeglobefoundation.org\/en\/?s={search_term_string}\"},\"query-input\":{\"@type\":\"PropertyValueSpecification\",\"valueRequired\":true,\"valueName\":\"search_term_string\"}}],\"inLanguage\":\"en-US\"},{\"@type\":\"Organization\",\"@id\":\"https:\/\/www.vendeeglobefoundation.org\/en\/#organization\",\"name\":\"Vend\u00e9e Globe Foundation\",\"url\":\"https:\/\/www.vendeeglobefoundation.org\/en\/\",\"logo\":{\"@type\":\"ImageObject\",\"inLanguage\":\"en-US\",\"@id\":\"https:\/\/www.vendeeglobefoundation.org\/en\/#\/schema\/logo\/image\/\",\"url\":\"https:\/\/www.vendeeglobefoundation.org\/uploads\/2024\/09\/logo_VGF.svg\",\"contentUrl\":\"https:\/\/www.vendeeglobefoundation.org\/uploads\/2024\/09\/logo_VGF.svg\",\"caption\":\"Vend\u00e9e Globe Foundation\"},\"image\":{\"@id\":\"https:\/\/www.vendeeglobefoundation.org\/en\/#\/schema\/logo\/image\/\"}}]}<\/script>\n<!-- \/ Yoast SEO plugin. -->","yoast_head_json":{"title":"Sponsor area - Vend\u00e9e Globe Foundation","robots":{"index":"index","follow":"follow","max-snippet":"max-snippet:-1","max-image-preview":"max-image-preview:large","max-video-preview":"max-video-preview:-1"},"canonical":"https:\/\/www.vendeeglobefoundation.org\/en\/sponsor-area\/","og_locale":"en_US","og_type":"article","og_title":"Sponsor area - Vend\u00e9e Globe Foundation","og_description":"One ocean, One mission Help us in our mission, support Vend\u00e9e Globe Foundation By making a donation, you are making a concrete contribution to the preservation of marine life today, and helping future generations to have access to healthy, sustainable resources in a protected environment. Download the sponsorship file Did you know? Vend\u00e9e Globe Foundation [&hellip;]","og_url":"https:\/\/www.vendeeglobefoundation.org\/en\/sponsor-area\/","og_site_name":"Vend\u00e9e Globe Foundation","article_modified_time":"2026-03-11T08:59:34+00:00","og_image":[{"url":"https:\/\/www.vendeeglobefoundation.org\/uploads\/2024\/10\/AdobeStock_926981834-1-1536x1022.jpg"}],"twitter_card":"summary_large_image","twitter_misc":{"Est. reading time":"2 minutes"},"schema":{"@context":"https:\/\/schema.org","@graph":[{"@type":"WebPage","@id":"https:\/\/www.vendeeglobefoundation.org\/en\/sponsor-area\/","url":"https:\/\/www.vendeeglobefoundation.org\/en\/sponsor-area\/","name":"Sponsor area - Vend\u00e9e Globe Foundation","isPartOf":{"@id":"https:\/\/www.vendeeglobefoundation.org\/en\/#website"},"primaryImageOfPage":{"@id":"https:\/\/www.vendeeglobefoundation.org\/en\/sponsor-area\/#primaryimage"},"image":{"@id":"https:\/\/www.vendeeglobefoundation.org\/en\/sponsor-area\/#primaryimage"},"thumbnailUrl":"https:\/\/www.vendeeglobefoundation.org\/uploads\/2024\/10\/AdobeStock_926981834-1-1536x1022.jpg","datePublished":"2025-05-26T15:07:24+00:00","dateModified":"2026-03-11T08:59:34+00:00","breadcrumb":{"@id":"https:\/\/www.vendeeglobefoundation.org\/en\/sponsor-area\/#breadcrumb"},"inLanguage":"en-US","potentialAction":[{"@type":"ReadAction","target":["https:\/\/www.vendeeglobefoundation.org\/en\/sponsor-area\/"]}]},{"@type":"ImageObject","inLanguage":"en-US","@id":"https:\/\/www.vendeeglobefoundation.org\/en\/sponsor-area\/#primaryimage","url":"https:\/\/www.vendeeglobefoundation.org\/uploads\/2024\/10\/AdobeStock_926981834-1-1536x1022.jpg","contentUrl":"https:\/\/www.vendeeglobefoundation.org\/uploads\/2024\/10\/AdobeStock_926981834-1-1536x1022.jpg"},{"@type":"BreadcrumbList","@id":"https:\/\/www.vendeeglobefoundation.org\/en\/sponsor-area\/#breadcrumb","itemListElement":[{"@type":"ListItem","position":1,"name":"Home","item":"https:\/\/www.vendeeglobefoundation.org\/en\/"},{"@type":"ListItem","position":2,"name":"Sponsor area"}]},{"@type":"WebSite","@id":"https:\/\/www.vendeeglobefoundation.org\/en\/#website","url":"https:\/\/www.vendeeglobefoundation.org\/en\/","name":"Vend\u00e9e Globe Foundation","description":"","publisher":{"@id":"https:\/\/www.vendeeglobefoundation.org\/en\/#organization"},"potentialAction":[{"@type":"SearchAction","target":{"@type":"EntryPoint","urlTemplate":"https:\/\/www.vendeeglobefoundation.org\/en\/?s={search_term_string}"},"query-input":{"@type":"PropertyValueSpecification","valueRequired":true,"valueName":"search_term_string"}}],"inLanguage":"en-US"},{"@type":"Organization","@id":"https:\/\/www.vendeeglobefoundation.org\/en\/#organization","name":"Vend\u00e9e Globe Foundation","url":"https:\/\/www.vendeeglobefoundation.org\/en\/","logo":{"@type":"ImageObject","inLanguage":"en-US","@id":"https:\/\/www.vendeeglobefoundation.org\/en\/#\/schema\/logo\/image\/","url":"https:\/\/www.vendeeglobefoundation.org\/uploads\/2024\/09\/logo_VGF.svg","contentUrl":"https:\/\/www.vendeeglobefoundation.org\/uploads\/2024\/09\/logo_VGF.svg","caption":"Vend\u00e9e Globe Foundation"},"image":{"@id":"https:\/\/www.vendeeglobefoundation.org\/en\/#\/schema\/logo\/image\/"}}]}},"_links":{"self":[{"href":"https:\/\/www.vendeeglobefoundation.org\/en\/wp-json\/wp\/v2\/pages\/1583"}],"collection":[{"href":"https:\/\/www.vendeeglobefoundation.org\/en\/wp-json\/wp\/v2\/pages"}],"about":[{"href":"https:\/\/www.vendeeglobefoundation.org\/en\/wp-json\/wp\/v2\/types\/page"}],"author":[{"embeddable":true,"href":"https:\/\/www.vendeeglobefoundation.org\/en\/wp-json\/wp\/v2\/users\/1"}],"replies":[{"embeddable":true,"href":"https:\/\/www.vendeeglobefoundation.org\/en\/wp-json\/wp\/v2\/comments?post=1583"}],"version-history":[{"count":2,"href":"https:\/\/www.vendeeglobefoundation.org\/en\/wp-json\/wp\/v2\/pages\/1583\/revisions"}],"predecessor-version":[{"id":2273,"href":"https:\/\/www.vendeeglobefoundation.org\/en\/wp-json\/wp\/v2\/pages\/1583\/revisions\/2273"}],"wp:attachment":[{"href":"https:\/\/www.vendeeglobefoundation.org\/en\/wp-json\/wp\/v2\/media?parent=1583"}],"curies":[{"name":"wp","href":"https:\/\/api.w.org\/{rel}","templated":true}]}}